{"id":75,"date":"2025-12-02T17:36:28","date_gmt":"2025-12-02T17:36:28","guid":{"rendered":"https:\/\/yossergabrielcrespo.fpcei.eu\/?page_id=75"},"modified":"2025-12-03T15:30:05","modified_gmt":"2025-12-03T15:30:05","slug":"sobre-nosotros","status":"publish","type":"page","link":"https:\/\/yossergabrielcrespo.fpcei.eu\/?page_id=75","title":{"rendered":"Sobre Nosotros"},"content":{"rendered":"\n<p><strong>Este sitio nace con el prop\u00f3sito de compartir inspiraci\u00f3n sobre moda juvenil urbana, tomando como referencia la est\u00e9tica resistente y moderna de Carhartt.<\/strong><\/p>\n\n\n\n<p><strong>\u00bfQui\u00e9nes somos?<\/strong><br>Somos un peque\u00f1o equipo amante del streetwear, el skate y el dise\u00f1o urbano. Creemos que la ropa no solo viste: comunica personalidad.<\/p>\n\n\n\n<p><strong>Historia \/ Misi\u00f3n<\/strong><br>Nuestro objetivo es ayudar a j\u00f3venes a descubrir looks actuales, duraderos y con estilo. Reunimos recomendaciones, tendencias y contenido visual para que puedas crear outfits aut\u00e9nticos que te definan.<\/p>\n\n\n\n<figure class=\"wp-block-image aligncenter size-full\"><img loading=\"lazy\" decoding=\"async\" width=\"600\" height=\"463\" src=\"https:\/\/yossergabrielcrespo.fpcei.eu\/wp-content\/uploads\/2025\/12\/Carhartt-Tienda.webp\" alt=\"\" class=\"wp-image-76\" srcset=\"https:\/\/yossergabrielcrespo.fpcei.eu\/wp-content\/uploads\/2025\/12\/Carhartt-Tienda.webp 600w, https:\/\/yossergabrielcrespo.fpcei.eu\/wp-content\/uploads\/2025\/12\/Carhartt-Tienda-300x232.webp 300w\" sizes=\"auto, (max-width: 600px) 100vw, 600px\" \/><\/figure>\n\n\n\n<h2 class=\"wp-block-heading\"><strong>1. Hecho para Resistir<br>2. Trabajo que Habla por S\u00ed Mismo<\/strong><\/h2>\n\n\n\n<blockquote class=\"wp-block-quote is-layout-flow wp-block-quote-is-layout-flow\">\n<ul class=\"wp-block-list\">\n<li>\u201cLa verdadera resistencia se prueba en el trabajo.\u201d<\/li>\n\n\n\n<li>\u201cHazlo bien. Hazlo fuerte. Hazlo tuyo.\u201d<\/li>\n<\/ul>\n<\/blockquote>\n\n\n\n<figure class=\"wp-block-gallery has-nested-images columns-default is-cropped wp-block-gallery-1 is-layout-flex wp-block-gallery-is-layout-flex\">\n<figure class=\"wp-block-image size-large\"><img loading=\"lazy\" decoding=\"async\" width=\"1024\" height=\"679\" data-id=\"134\" src=\"https:\/\/yossergabrielcrespo.fpcei.eu\/wp-content\/uploads\/2025\/12\/000073480010_F1A_PEQUE_68b00810-7ef0-4975-b187-bf07e47e3f24-1024x679.jpg\" alt=\"\" class=\"wp-image-134\" srcset=\"https:\/\/yossergabrielcrespo.fpcei.eu\/wp-content\/uploads\/2025\/12\/000073480010_F1A_PEQUE_68b00810-7ef0-4975-b187-bf07e47e3f24-1024x679.jpg 1024w, https:\/\/yossergabrielcrespo.fpcei.eu\/wp-content\/uploads\/2025\/12\/000073480010_F1A_PEQUE_68b00810-7ef0-4975-b187-bf07e47e3f24-300x199.jpg 300w, https:\/\/yossergabrielcrespo.fpcei.eu\/wp-content\/uploads\/2025\/12\/000073480010_F1A_PEQUE_68b00810-7ef0-4975-b187-bf07e47e3f24-768x509.jpg 768w, https:\/\/yossergabrielcrespo.fpcei.eu\/wp-content\/uploads\/2025\/12\/000073480010_F1A_PEQUE_68b00810-7ef0-4975-b187-bf07e47e3f24-1536x1019.jpg 1536w, https:\/\/yossergabrielcrespo.fpcei.eu\/wp-content\/uploads\/2025\/12\/000073480010_F1A_PEQUE_68b00810-7ef0-4975-b187-bf07e47e3f24-2048x1358.jpg 2048w\" sizes=\"auto, (max-width: 1024px) 100vw, 1024px\" \/><\/figure>\n\n\n\n<figure class=\"wp-block-image size-large\"><img loading=\"lazy\" decoding=\"async\" width=\"600\" height=\"400\" data-id=\"118\" src=\"https:\/\/yossergabrielcrespo.fpcei.eu\/wp-content\/uploads\/2025\/12\/Carharttwip2_600x600-1.webp\" alt=\"\" class=\"wp-image-118\" srcset=\"https:\/\/yossergabrielcrespo.fpcei.eu\/wp-content\/uploads\/2025\/12\/Carharttwip2_600x600-1.webp 600w, https:\/\/yossergabrielcrespo.fpcei.eu\/wp-content\/uploads\/2025\/12\/Carharttwip2_600x600-1-300x200.webp 300w\" sizes=\"auto, (max-width: 600px) 100vw, 600px\" \/><\/figure>\n\n\n\n<figure class=\"wp-block-image size-large\"><img loading=\"lazy\" decoding=\"async\" width=\"1024\" height=\"768\" data-id=\"139\" src=\"https:\/\/yossergabrielcrespo.fpcei.eu\/wp-content\/uploads\/2025\/12\/thumb-carhartt-wip-fw-23-campaign-nyc-1440x1080-1-1024x768.jpg\" alt=\"\" class=\"wp-image-139\" srcset=\"https:\/\/yossergabrielcrespo.fpcei.eu\/wp-content\/uploads\/2025\/12\/thumb-carhartt-wip-fw-23-campaign-nyc-1440x1080-1-1024x768.jpg 1024w, https:\/\/yossergabrielcrespo.fpcei.eu\/wp-content\/uploads\/2025\/12\/thumb-carhartt-wip-fw-23-campaign-nyc-1440x1080-1-300x225.jpg 300w, https:\/\/yossergabrielcrespo.fpcei.eu\/wp-content\/uploads\/2025\/12\/thumb-carhartt-wip-fw-23-campaign-nyc-1440x1080-1-768x576.jpg 768w, https:\/\/yossergabrielcrespo.fpcei.eu\/wp-content\/uploads\/2025\/12\/thumb-carhartt-wip-fw-23-campaign-nyc-1440x1080-1.jpg 1440w\" sizes=\"auto, (max-width: 1024px) 100vw, 1024px\" \/><\/figure>\n\n\n\n<figure class=\"wp-block-image size-large\"><img loading=\"lazy\" decoding=\"async\" width=\"709\" height=\"1024\" data-id=\"46\" src=\"https:\/\/yossergabrielcrespo.fpcei.eu\/wp-content\/uploads\/2025\/12\/4b7ca6594fa84c46ad6dc36857cd607e-709x1024.webp\" alt=\"\" class=\"wp-image-46\" srcset=\"https:\/\/yossergabrielcrespo.fpcei.eu\/wp-content\/uploads\/2025\/12\/4b7ca6594fa84c46ad6dc36857cd607e-709x1024.webp 709w, https:\/\/yossergabrielcrespo.fpcei.eu\/wp-content\/uploads\/2025\/12\/4b7ca6594fa84c46ad6dc36857cd607e-208x300.webp 208w, https:\/\/yossergabrielcrespo.fpcei.eu\/wp-content\/uploads\/2025\/12\/4b7ca6594fa84c46ad6dc36857cd607e-768x1109.webp 768w, https:\/\/yossergabrielcrespo.fpcei.eu\/wp-content\/uploads\/2025\/12\/4b7ca6594fa84c46ad6dc36857cd607e.webp 800w\" sizes=\"auto, (max-width: 709px) 100vw, 709px\" \/><\/figure>\n\n\n\n<figure class=\"wp-block-image size-large\"><img loading=\"lazy\" decoding=\"async\" width=\"720\" height=\"720\" data-id=\"129\" src=\"https:\/\/yossergabrielcrespo.fpcei.eu\/wp-content\/uploads\/2025\/12\/block1_8884.jpg\" alt=\"\" class=\"wp-image-129\" srcset=\"https:\/\/yossergabrielcrespo.fpcei.eu\/wp-content\/uploads\/2025\/12\/block1_8884.jpg 720w, https:\/\/yossergabrielcrespo.fpcei.eu\/wp-content\/uploads\/2025\/12\/block1_8884-300x300.jpg 300w, https:\/\/yossergabrielcrespo.fpcei.eu\/wp-content\/uploads\/2025\/12\/block1_8884-150x150.jpg 150w\" sizes=\"auto, (max-width: 720px) 100vw, 720px\" \/><\/figure>\n\n\n\n<figure class=\"wp-block-image size-large\"><img loading=\"lazy\" decoding=\"async\" width=\"800\" height=\"1000\" data-id=\"107\" src=\"https:\/\/yossergabrielcrespo.fpcei.eu\/wp-content\/uploads\/2025\/12\/looks-urbanos-minimalistas-de-charhartt-wip-fw24-02.jpg\" alt=\"\" class=\"wp-image-107\" srcset=\"https:\/\/yossergabrielcrespo.fpcei.eu\/wp-content\/uploads\/2025\/12\/looks-urbanos-minimalistas-de-charhartt-wip-fw24-02.jpg 800w, https:\/\/yossergabrielcrespo.fpcei.eu\/wp-content\/uploads\/2025\/12\/looks-urbanos-minimalistas-de-charhartt-wip-fw24-02-240x300.jpg 240w, https:\/\/yossergabrielcrespo.fpcei.eu\/wp-content\/uploads\/2025\/12\/looks-urbanos-minimalistas-de-charhartt-wip-fw24-02-768x960.jpg 768w\" sizes=\"auto, (max-width: 800px) 100vw, 800px\" \/><\/figure>\n\n\n\n<figure class=\"wp-block-image size-full\"><img loading=\"lazy\" decoding=\"async\" width=\"467\" height=\"600\" data-id=\"59\" src=\"https:\/\/yossergabrielcrespo.fpcei.eu\/wp-content\/uploads\/2025\/12\/PRE-ORDER-10kg-Carhartt-vintage-mix-SP-Vintage-Wholesale-62878764761356_grande.webp\" alt=\"\" class=\"wp-image-59\" srcset=\"https:\/\/yossergabrielcrespo.fpcei.eu\/wp-content\/uploads\/2025\/12\/PRE-ORDER-10kg-Carhartt-vintage-mix-SP-Vintage-Wholesale-62878764761356_grande.webp 467w, https:\/\/yossergabrielcrespo.fpcei.eu\/wp-content\/uploads\/2025\/12\/PRE-ORDER-10kg-Carhartt-vintage-mix-SP-Vintage-Wholesale-62878764761356_grande-234x300.webp 234w\" sizes=\"auto, (max-width: 467px) 100vw, 467px\" \/><\/figure>\n\n\n\n<figure class=\"wp-block-image size-large\"><img loading=\"lazy\" decoding=\"async\" width=\"682\" height=\"1024\" data-id=\"40\" src=\"https:\/\/yossergabrielcrespo.fpcei.eu\/wp-content\/uploads\/2025\/12\/Sin-titulo-2carhartt-wip-libera-el-lookbook-de-su-coleccion-spring-summer-2025-25gramos-1-682x1024.webp\" alt=\"\" class=\"wp-image-40\" srcset=\"https:\/\/yossergabrielcrespo.fpcei.eu\/wp-content\/uploads\/2025\/12\/Sin-titulo-2carhartt-wip-libera-el-lookbook-de-su-coleccion-spring-summer-2025-25gramos-1-682x1024.webp 682w, https:\/\/yossergabrielcrespo.fpcei.eu\/wp-content\/uploads\/2025\/12\/Sin-titulo-2carhartt-wip-libera-el-lookbook-de-su-coleccion-spring-summer-2025-25gramos-1-200x300.webp 200w, https:\/\/yossergabrielcrespo.fpcei.eu\/wp-content\/uploads\/2025\/12\/Sin-titulo-2carhartt-wip-libera-el-lookbook-de-su-coleccion-spring-summer-2025-25gramos-1-768x1153.webp 768w, https:\/\/yossergabrielcrespo.fpcei.eu\/wp-content\/uploads\/2025\/12\/Sin-titulo-2carhartt-wip-libera-el-lookbook-de-su-coleccion-spring-summer-2025-25gramos-1.webp 1024w\" sizes=\"auto, (max-width: 682px) 100vw, 682px\" \/><\/figure>\n\n\n\n<figure class=\"wp-block-image size-large\"><img loading=\"lazy\" decoding=\"async\" width=\"1024\" height=\"768\" data-id=\"99\" src=\"https:\/\/yossergabrielcrespo.fpcei.eu\/wp-content\/uploads\/2025\/12\/highxtar-carhartt-2-1440x1080-1-1024x768.jpg\" alt=\"\" class=\"wp-image-99\" srcset=\"https:\/\/yossergabrielcrespo.fpcei.eu\/wp-content\/uploads\/2025\/12\/highxtar-carhartt-2-1440x1080-1-1024x768.jpg 1024w, https:\/\/yossergabrielcrespo.fpcei.eu\/wp-content\/uploads\/2025\/12\/highxtar-carhartt-2-1440x1080-1-300x225.jpg 300w, https:\/\/yossergabrielcrespo.fpcei.eu\/wp-content\/uploads\/2025\/12\/highxtar-carhartt-2-1440x1080-1-768x576.jpg 768w, https:\/\/yossergabrielcrespo.fpcei.eu\/wp-content\/uploads\/2025\/12\/highxtar-carhartt-2-1440x1080-1.jpg 1440w\" sizes=\"auto, (max-width: 1024px) 100vw, 1024px\" \/><\/figure>\n\n\n\n<figure class=\"wp-block-image size-large\"><img loading=\"lazy\" decoding=\"async\" width=\"792\" height=\"1024\" data-id=\"43\" src=\"https:\/\/yossergabrielcrespo.fpcei.eu\/wp-content\/uploads\/2025\/12\/I033647_0D2_XX-2_800x-792x1024.webp\" alt=\"\" class=\"wp-image-43\" srcset=\"https:\/\/yossergabrielcrespo.fpcei.eu\/wp-content\/uploads\/2025\/12\/I033647_0D2_XX-2_800x-792x1024.webp 792w, https:\/\/yossergabrielcrespo.fpcei.eu\/wp-content\/uploads\/2025\/12\/I033647_0D2_XX-2_800x-232x300.webp 232w, https:\/\/yossergabrielcrespo.fpcei.eu\/wp-content\/uploads\/2025\/12\/I033647_0D2_XX-2_800x-768x993.webp 768w, https:\/\/yossergabrielcrespo.fpcei.eu\/wp-content\/uploads\/2025\/12\/I033647_0D2_XX-2_800x.webp 800w\" sizes=\"auto, (max-width: 792px) 100vw, 792px\" \/><\/figure>\n\n\n\n<figure class=\"wp-block-image size-large\"><img loading=\"lazy\" decoding=\"async\" width=\"800\" height=\"1000\" data-id=\"112\" src=\"https:\/\/yossergabrielcrespo.fpcei.eu\/wp-content\/uploads\/2025\/12\/SS23-CarharttWIP-Lookbook-Men-06-1.jpg\" alt=\"\" class=\"wp-image-112\" srcset=\"https:\/\/yossergabrielcrespo.fpcei.eu\/wp-content\/uploads\/2025\/12\/SS23-CarharttWIP-Lookbook-Men-06-1.jpg 800w, https:\/\/yossergabrielcrespo.fpcei.eu\/wp-content\/uploads\/2025\/12\/SS23-CarharttWIP-Lookbook-Men-06-1-240x300.jpg 240w, https:\/\/yossergabrielcrespo.fpcei.eu\/wp-content\/uploads\/2025\/12\/SS23-CarharttWIP-Lookbook-Men-06-1-768x960.jpg 768w\" sizes=\"auto, (max-width: 800px) 100vw, 800px\" \/><\/figure>\n<\/figure>\n\n\n\n<p><\/p>\n","protected":false},"excerpt":{"rendered":"<p>Este sitio nace con el prop\u00f3sito de compartir inspiraci\u00f3n sobre moda juvenil urbana, tomando como referencia la est\u00e9tica resistente y [&hellip;]<\/p>\n","protected":false},"author":2,"featured_media":0,"parent":0,"menu_order":0,"comment_status":"closed","ping_status":"closed","template":"","meta":{"site-sidebar-layout":"default","site-content-layout":"","ast-site-content-layout":"default","site-content-style":"default","site-sidebar-style":"default","ast-global-header-display":"","ast-banner-title-visibility":"","ast-main-header-display":"","ast-hfb-above-header-display":"","ast-hfb-below-header-display":"","ast-hfb-mobile-header-display":"","site-post-title":"","ast-breadcrumbs-content":"","ast-featured-img":"","footer-sml-layout":"","theme-transparent-header-meta":"","adv-header-id-meta":"","stick-header-meta":"","header-above-stick-meta":"","header-main-stick-meta":"","header-below-stick-meta":"","astra-migrate-meta-layouts":"default","ast-page-background-enabled":"default","ast-page-background-meta":{"desktop":{"background-color":"var(--ast-global-color-5)","background-image":"","background-repeat":"repeat","background-position":"center center","background-size":"auto","background-attachment":"scroll","background-type":"","background-media":"","overlay-type":"","overlay-color":"","overlay-opacity":"","overlay-gradient":""},"tablet":{"background-color":"","background-image":"","background-repeat":"repeat","background-position":"center center","background-size":"auto","background-attachment":"scroll","background-type":"","background-media":"","overlay-type":"","overlay-color":"","overlay-opacity":"","overlay-gradient":""},"mobile":{"background-color":"","background-image":"","background-repeat":"repeat","background-position":"center center","background-size":"auto","background-attachment":"scroll","background-type":"","background-media":"","overlay-type":"","overlay-color":"","overlay-opacity":"","overlay-gradient":""}},"ast-content-background-meta":{"desktop":{"background-color":"var(--ast-global-color-4)","background-image":"","background-repeat":"repeat","background-position":"center center","background-size":"auto","background-attachment":"scroll","background-type":"","background-media":"","overlay-type":"","overlay-color":"","overlay-opacity":"","overlay-gradient":""},"tablet":{"background-color":"var(--ast-global-color-4)","background-image":"","background-repeat":"repeat","background-position":"center center","background-size":"auto","background-attachment":"scroll","background-type":"","background-media":"","overlay-type":"","overlay-color":"","overlay-opacity":"","overlay-gradient":""},"mobile":{"background-color":"var(--ast-global-color-4)","background-image":"","background-repeat":"repeat","background-position":"center center","background-size":"auto","background-attachment":"scroll","background-type":"","background-media":"","overlay-type":"","overlay-color":"","overlay-opacity":"","overlay-gradient":""}},"footnotes":""},"class_list":["post-75","page","type-page","status-publish","hentry"],"jetpack_sharing_enabled":true,"_links":{"self":[{"href":"https:\/\/yossergabrielcrespo.fpcei.eu\/index.php?rest_route=\/wp\/v2\/pages\/75","targetHints":{"allow":["GET"]}}],"collection":[{"href":"https:\/\/yossergabrielcrespo.fpcei.eu\/index.php?rest_route=\/wp\/v2\/pages"}],"about":[{"href":"https:\/\/yossergabrielcrespo.fpcei.eu\/index.php?rest_route=\/wp\/v2\/types\/page"}],"author":[{"embeddable":true,"href":"https:\/\/yossergabrielcrespo.fpcei.eu\/index.php?rest_route=\/wp\/v2\/users\/2"}],"replies":[{"embeddable":true,"href":"https:\/\/yossergabrielcrespo.fpcei.eu\/index.php?rest_route=%2Fwp%2Fv2%2Fcomments&post=75"}],"version-history":[{"count":6,"href":"https:\/\/yossergabrielcrespo.fpcei.eu\/index.php?rest_route=\/wp\/v2\/pages\/75\/revisions"}],"predecessor-version":[{"id":154,"href":"https:\/\/yossergabrielcrespo.fpcei.eu\/index.php?rest_route=\/wp\/v2\/pages\/75\/revisions\/154"}],"wp:attachment":[{"href":"https:\/\/yossergabrielcrespo.fpcei.eu\/index.php?rest_route=%2Fwp%2Fv2%2Fmedia&parent=75"}],"curies":[{"name":"wp","href":"https:\/\/api.w.org\/{rel}","templated":true}]}}