{"id":198,"date":"2026-03-09T19:34:18","date_gmt":"2026-03-09T19:34:18","guid":{"rendered":"https:\/\/yossergabrielcrespo.fpcei.eu\/?page_id=198"},"modified":"2026-03-09T20:40:00","modified_gmt":"2026-03-09T20:40:00","slug":"politica-de-privacidad","status":"publish","type":"page","link":"https:\/\/yossergabrielcrespo.fpcei.eu\/?page_id=198","title":{"rendered":"Pol\u00edtica de privacidad"},"content":{"rendered":"\n<p>PROTECCI\u00d3N DE DATOS En cumplimiento de REGLAMENTO (UE) 2016\/679 del Parlamento Europeo y del Consejo de 27 de abril de 2016 (RGPD) y de la Ley Org\u00e1nica 3\/2018 de Protecci\u00f3n de Datos y Garant\u00eda de los Derechos Digitales (LOPD GDD), le proporcionamos a continuaci\u00f3n la siguiente informaci\u00f3n en relaci\u00f3n con el tratamiento de sus datos personales: Responsable del tratamiento.- El responsable del tratamiento de sus datos es StreetWear ., sita en C\/Via Torino 10 con tel\u00e9fono de contacto 678654329 y Delegado de Protecci\u00f3n de Datos Gabriel Crespo Melgar con tel\u00e9fono de contacto 678654329: Finalidad.- Sus datos personales (correo electr\u00f3nico y tel\u00e9fono) ser\u00e1n usados con la finalidad de proporcionarle INFORMACI\u00d3N SOBRE LOS DIFERENTES ESTUDIOS que realiza la StreetWear. As\u00ed mismo, firmando el presente documento o cliqueando en aceptar, autoriza y consiente a la StreetWear., para recibir informaci\u00f3n de La Escuela con fines educativos y sin \u00e1nimo de lucro en el email o correo electr\u00f3nico y tel\u00e9fono aportados. Legitimidad.- El hecho de que usted acepte estas bases nos legitima para poder usar sus datos y en este acto le informamos que cumplimos as\u00ed con el Articulo 13 y 14 del RGPD con nuestro deber de informar al interesado de que se va a realizar con sus datos personales. Duraci\u00f3n y uso.- Los datos proporcionados (correo electr\u00f3nico y tel\u00e9fono) ser\u00e1n almacenados en nuestras bases de datos durante el tiempo necesario para cumplir con la finalidad para la que se recogieron. As\u00ed mismo se informa de que no se usar\u00e1n los datos para elaboraci\u00f3n de perfiles ni se har\u00e1 uso que permita que se adopten decisiones automatizadas con ellos. Destinatarios.- Los datos no ser\u00e1n cedidos a terceros salvo que sea necesaria la cesi\u00f3n por imperativo legal. As\u00ed mismo no se prev\u00e9 la cesi\u00f3n de estos datos a empresas o entes fuera del territorio nacional. Derechos.- Podr\u00e1 ejercitar en todo momento los derechos de acceso, rectificaci\u00f3n, cancelaci\u00f3n, oposici\u00f3n, olvido, limitaci\u00f3n y portabilidad dirigi\u00e9ndose por escrito a StreetWear., sita C\/Via Torino 10, Murcia, o como marca la Ley, haciendo uso del formulario de Ejercicio de los Derechos en la URL <a href=\"https:\/\/yossergabrielcrespo.fpcei.eu\/\">https:\/\/yossergabrielcrespo.fpcei.eu\/<\/a>. As\u00ed mismo le informamos que usted tiene derecho a retirar el consentimiento en cualquier momento y tiene derecho a reclamar ante la Agencia Espa\u00f1ola de Protecci\u00f3n de Datos en la web www.aepd.es. Procedencia.- Los datos que se recopilan con nuestros formularios han sido proporcionados por el interesado o su representante legal, en caso de tratarse de un menor. Los datos que aqu\u00ed se recogen son: correo electr\u00f3nico y tel\u00e9fono. Siempre podr\u00e1s contactar con nosotros en el tel\u00e9fono 678654329 o en nuestro correo electr\u00f3nico yossergabriel.crespo@alu.cecei.es<\/p>\n","protected":false},"excerpt":{"rendered":"<p>PROTECCI\u00d3N DE DATOS En cumplimiento de REGLAMENTO (UE) 2016\/679 del Parlamento Europeo y del Consejo de 27 de abril de [&hellip;]<\/p>\n","protected":false},"author":2,"featured_media":0,"parent":0,"menu_order":0,"comment_status":"closed","ping_status":"closed","template":"","meta":{"site-sidebar-layout":"default","site-content-layout":"","ast-site-content-layout":"default","site-content-style":"default","site-sidebar-style":"default","ast-global-header-display":"","ast-banner-title-visibility":"","ast-main-header-display":"","ast-hfb-above-header-display":"","ast-hfb-below-header-display":"","ast-hfb-mobile-header-display":"","site-post-title":"","ast-breadcrumbs-content":"","ast-featured-img":"","footer-sml-layout":"","theme-transparent-header-meta":"","adv-header-id-meta":"","stick-header-meta":"","header-above-stick-meta":"","header-main-stick-meta":"","header-below-stick-meta":"","astra-migrate-meta-layouts":"default","ast-page-background-enabled":"default","ast-page-background-meta":{"desktop":{"background-color":"var(--ast-global-color-5)","background-image":"","background-repeat":"repeat","background-position":"center center","background-size":"auto","background-attachment":"scroll","background-type":"","background-media":"","overlay-type":"","overlay-color":"","overlay-opacity":"","overlay-gradient":""},"tablet":{"background-color":"","background-image":"","background-repeat":"repeat","background-position":"center center","background-size":"auto","background-attachment":"scroll","background-type":"","background-media":"","overlay-type":"","overlay-color":"","overlay-opacity":"","overlay-gradient":""},"mobile":{"background-color":"","background-image":"","background-repeat":"repeat","background-position":"center center","background-size":"auto","background-attachment":"scroll","background-type":"","background-media":"","overlay-type":"","overlay-color":"","overlay-opacity":"","overlay-gradient":""}},"ast-content-background-meta":{"desktop":{"background-color":"var(--ast-global-color-4)","background-image":"","background-repeat":"repeat","background-position":"center center","background-size":"auto","background-attachment":"scroll","background-type":"","background-media":"","overlay-type":"","overlay-color":"","overlay-opacity":"","overlay-gradient":""},"tablet":{"background-color":"var(--ast-global-color-4)","background-image":"","background-repeat":"repeat","background-position":"center center","background-size":"auto","background-attachment":"scroll","background-type":"","background-media":"","overlay-type":"","overlay-color":"","overlay-opacity":"","overlay-gradient":""},"mobile":{"background-color":"var(--ast-global-color-4)","background-image":"","background-repeat":"repeat","background-position":"center center","background-size":"auto","background-attachment":"scroll","background-type":"","background-media":"","overlay-type":"","overlay-color":"","overlay-opacity":"","overlay-gradient":""}},"footnotes":""},"class_list":["post-198","page","type-page","status-publish","hentry"],"jetpack_sharing_enabled":true,"_links":{"self":[{"href":"https:\/\/yossergabrielcrespo.fpcei.eu\/index.php?rest_route=\/wp\/v2\/pages\/198","targetHints":{"allow":["GET"]}}],"collection":[{"href":"https:\/\/yossergabrielcrespo.fpcei.eu\/index.php?rest_route=\/wp\/v2\/pages"}],"about":[{"href":"https:\/\/yossergabrielcrespo.fpcei.eu\/index.php?rest_route=\/wp\/v2\/types\/page"}],"author":[{"embeddable":true,"href":"https:\/\/yossergabrielcrespo.fpcei.eu\/index.php?rest_route=\/wp\/v2\/users\/2"}],"replies":[{"embeddable":true,"href":"https:\/\/yossergabrielcrespo.fpcei.eu\/index.php?rest_route=%2Fwp%2Fv2%2Fcomments&post=198"}],"version-history":[{"count":6,"href":"https:\/\/yossergabrielcrespo.fpcei.eu\/index.php?rest_route=\/wp\/v2\/pages\/198\/revisions"}],"predecessor-version":[{"id":215,"href":"https:\/\/yossergabrielcrespo.fpcei.eu\/index.php?rest_route=\/wp\/v2\/pages\/198\/revisions\/215"}],"wp:attachment":[{"href":"https:\/\/yossergabrielcrespo.fpcei.eu\/index.php?rest_route=%2Fwp%2Fv2%2Fmedia&parent=198"}],"curies":[{"name":"wp","href":"https:\/\/api.w.org\/{rel}","templated":true}]}}